{"id":1228,"date":"2017-02-08T17:43:47","date_gmt":"2017-02-08T16:43:47","guid":{"rendered":"https:\/\/www.bionor.agencedev.com\/page-d-exemple-2\/"},"modified":"2022-03-15T14:46:41","modified_gmt":"2022-03-15T18:46:41","slug":"page-d-exemple-2","status":"publish","type":"page","link":"https:\/\/bionor.agencedev.com\/en\/","title":{"rendered":"Homepage"},"content":{"rendered":"<div id=\"pl-1228\"  class=\"panel-layout\" ><div id=\"pg-1228-0\"  class=\"panel-grid panel-has-style\" ><div class=\"siteorigin-panels-stretch full background-display-auto panel-row-style panel-row-style-for-1228-0\" ><div id=\"pgc-1228-0-0\"  class=\"panel-grid-cell\" ><div id=\"panel-1228-0-0-0\" class=\"so-panel widget widget_bloc-decoration panel-first-child\" data-index=\"0\" ><div\n\t\t\t\n\t\t\tclass=\"so-widget-bloc-decoration so-widget-bloc-decoration-base\"\n\t\t\t\n\t\t>      <div class=\"bloc-decoration\" style=\" position: absolute; top: -30px; left: 60px;\">\n      <img loading=\"lazy\" decoding=\"async\" width=\"292\" height=\"289\" src=\"https:\/\/bionor.agencedev.com\/wp-content\/uploads\/seau-bionor.svg\" class=\"attachment-full size-full\" alt=\"\" style=\" max-width:292px;\" \/>   <\/div><!-- .bloc-decoration -->\n<\/div><\/div><div id=\"panel-1228-0-0-1\" class=\"so-panel widget widget_bloc-decoration\" data-index=\"1\" ><div\n\t\t\t\n\t\t\tclass=\"so-widget-bloc-decoration so-widget-bloc-decoration-base\"\n\t\t\t\n\t\t>      <div class=\"bloc-decoration\" style=\" position: absolute; right: -220px; bottom: -150px;\">\n      <img loading=\"lazy\" decoding=\"async\" width=\"645\" height=\"464\" src=\"https:\/\/bionor.agencedev.com\/wp-content\/uploads\/table-bionor.svg\" class=\"attachment-full size-full\" alt=\"\" style=\" max-width:645px;\" \/>   <\/div><!-- .bloc-decoration -->\n<\/div><\/div><div id=\"panel-1228-0-0-2\" class=\"so-panel widget widget_siteorigin-panels-builder panel-last-child\" data-index=\"2\" ><div id=\"pl-w60e5cf7c80b0b\"  class=\"panel-layout\" ><div id=\"pg-w60e5cf7c80b0b-0\"  class=\"panel-grid panel-has-style\" ><div class=\"siteorigin-panels-stretch boxed background-display-auto panel-row-style panel-row-style-for-w60e5cf7c80b0b-0\" ><div id=\"pgc-w60e5cf7c80b0b-0-0\"  class=\"panel-grid-cell\" ><div id=\"panel-w60e5cf7c80b0b-0-0-0\" class=\"so-panel widget widget_texte_generique panel-first-child panel-last-child\" data-index=\"0\" ><div\n\t\t\t\n\t\t\tclass=\"so-widget-texte_generique so-widget-texte_generique-base\"\n\t\t\t\n\t\t><div class=\"texte-generique-wrapper\">\n    <header class=\"texte-generique-header\">\n                    <h2 class=\"texte-generique-titre\">Votre sp\u00e9cialiste<\/h2>                \n                    <div class=\"tg-sous-titre\">Du bois en Abitibi-T\u00e9miscamingue<\/div>\n            <\/header>\n\n            <div class=\"texte-generique-content textwidget\">\n            <p>Venue au monde en 1992, Scierie Bionor Inc. s\u2019est toujours d\u00e9marqu\u00e9e par sa sp\u00e9cialisation dans la transformation du bois, et ce, \u00e0 partir du billot brut jusqu\u2019\u00e0 la moulure de finition. Avec le temps et la demande, la fabrication d\u2019un s\u00e9choir sous-vide est devenue un incontournable compte tenu des ressources indig\u00e8nes disponibles sous-utilis\u00e9es et des frais engendr\u00e9s lors du transport de la mati\u00e8re vers l\u2019ext\u00e9rieur dans le but d\u2019en obtenir un mat\u00e9riau sec et transformable pour la revente.<\/p>\n        <\/div>\n    \n            <div class=\"btn-wrap\">\n            <a class=\"btn\"  href=\"\">\n                En savoir plus            <\/a>\n        <\/div>\n    <\/div>\n<\/div><\/div><\/div><\/div><\/div><\/div><\/div><\/div><\/div><\/div><div id=\"pg-1228-1\"  class=\"panel-grid panel-has-style\" ><div class=\"siteorigin-panels-stretch full background-display-auto panel-row-style panel-row-style-for-1228-1\" ><div id=\"pgc-1228-1-0\"  class=\"panel-grid-cell\" ><div id=\"panel-1228-1-0-0\" class=\"so-panel widget widget_siteorigin-panels-builder panel-first-child panel-last-child\" data-index=\"3\" ><div id=\"pl-w6230df1114b18\"  class=\"panel-layout\" ><div id=\"pg-w6230df1114b18-0\"  class=\"panel-grid panel-has-style\" ><div class=\"siteorigin-panels-stretch boxed background-display-auto panel-row-style panel-row-style-for-w6230df1114b18-0\" ><div id=\"pgc-w6230df1114b18-0-0\"  class=\"panel-grid-cell\" ><div id=\"panel-w6230df1114b18-0-0-0\" class=\"so-panel widget widget_bloc-visuel panel-first-child panel-last-child\" data-index=\"0\" ><div\n\t\t\t\n\t\t\tclass=\"so-widget-bloc-visuel so-widget-bloc-visuel-base\"\n\t\t\t\n\t\t>\n<div class=\"bloc-visuel-wrap\">\n    <a href=\"https:\/\/bionor.agencedev.com\/boutique\/\">\n        <div class=\"bloc-visuel-image\" style=\"background-image:url('https:\/\/bionor.agencedev.com\/wp-content\/uploads\/produit-sur-mesure-bionor.jpg')\"><\/div>\n        <div class=\"bloc-visuel-tuile\">\n            <div class=\"bloc-visuel-tuile-container\">\n                <h3 class=\"bloc-visuel-titre\">Costum projects<\/h3>\n            <\/div>\n        <\/div>\n    <\/a>\n<\/div><\/div><\/div><\/div><div id=\"pgc-w6230df1114b18-0-1\"  class=\"panel-grid-cell\" ><div id=\"panel-w6230df1114b18-0-1-0\" class=\"so-panel widget widget_bloc-visuel panel-first-child panel-last-child\" data-index=\"1\" ><div\n\t\t\t\n\t\t\tclass=\"so-widget-bloc-visuel so-widget-bloc-visuel-base\"\n\t\t\t\n\t\t>\n<div class=\"bloc-visuel-wrap\">\n    <a href=\"https:\/\/bionor.agencedev.com\/boutique\/\">\n        <div class=\"bloc-visuel-image\" style=\"background-image:url('https:\/\/bionor.agencedev.com\/wp-content\/uploads\/produit-industriel-commercial-bionor.jpg')\"><\/div>\n        <div class=\"bloc-visuel-tuile\">\n            <div class=\"bloc-visuel-tuile-container\">\n                <h3 class=\"bloc-visuel-titre\">Commercial and industrial<\/h3>\n            <\/div>\n        <\/div>\n    <\/a>\n<\/div><\/div><\/div><\/div><\/div><\/div><div id=\"pg-w6230df1114b18-1\"  class=\"panel-grid panel-has-style\" ><div class=\"siteorigin-panels-stretch boxed background-display-auto panel-row-style panel-row-style-for-w6230df1114b18-1\" ><div id=\"pgc-w6230df1114b18-1-0\"  class=\"panel-grid-cell\" ><div id=\"panel-w6230df1114b18-1-0-0\" class=\"so-panel widget widget_bloc-visuel panel-first-child panel-last-child\" data-index=\"2\" ><div\n\t\t\t\n\t\t\tclass=\"so-widget-bloc-visuel so-widget-bloc-visuel-base\"\n\t\t\t\n\t\t>\n<div class=\"bloc-visuel-wrap\">\n    <a href=\"https:\/\/bionor.agencedev.com\/boutique\/\">\n        <div class=\"bloc-visuel-image\" style=\"background-image:url('https:\/\/bionor.agencedev.com\/wp-content\/uploads\/produit-architecturaux-bionor.jpg')\"><\/div>\n        <div class=\"bloc-visuel-tuile\">\n            <div class=\"bloc-visuel-tuile-container\">\n                <h3 class=\"bloc-visuel-titre\">Architectural<\/h3>\n            <\/div>\n        <\/div>\n    <\/a>\n<\/div><\/div><\/div><\/div><div id=\"pgc-w6230df1114b18-1-1\"  class=\"panel-grid-cell\" ><div id=\"panel-w6230df1114b18-1-1-0\" class=\"so-panel widget widget_bloc-visuel panel-first-child panel-last-child\" data-index=\"3\" ><div\n\t\t\t\n\t\t\tclass=\"so-widget-bloc-visuel so-widget-bloc-visuel-base\"\n\t\t\t\n\t\t>\n<div class=\"bloc-visuel-wrap\">\n    <a href=\"https:\/\/bionor.agencedev.com\/boutique\/\">\n        <div class=\"bloc-visuel-image\" style=\"background-image:url('https:\/\/bionor.agencedev.com\/wp-content\/uploads\/produit-slab-epoxy-bionor.jpg')\"><\/div>\n        <div class=\"bloc-visuel-tuile\">\n            <div class=\"bloc-visuel-tuile-container\">\n                <h3 class=\"bloc-visuel-titre\">Slab and epoxy<\/h3>\n            <\/div>\n        <\/div>\n    <\/a>\n<\/div><\/div><\/div><\/div><div id=\"pgc-w6230df1114b18-1-2\"  class=\"panel-grid-cell\" ><div id=\"panel-w6230df1114b18-1-2-0\" class=\"so-panel widget widget_bloc-visuel panel-first-child panel-last-child\" data-index=\"4\" ><div\n\t\t\t\n\t\t\tclass=\"so-widget-bloc-visuel so-widget-bloc-visuel-base\"\n\t\t\t\n\t\t>\n<div class=\"bloc-visuel-wrap\">\n    <a href=\"https:\/\/bionor.agencedev.com\/boutique\/\">\n        <div class=\"bloc-visuel-image\" style=\"background-image:url('https:\/\/bionor.agencedev.com\/wp-content\/uploads\/produit-creation-partenaire-bionor.jpg')\"><\/div>\n        <div class=\"bloc-visuel-tuile\">\n            <div class=\"bloc-visuel-tuile-container\">\n                <h3 class=\"bloc-visuel-titre\">Completed projects<\/h3>\n            <\/div>\n        <\/div>\n    <\/a>\n<\/div><\/div><\/div><\/div><\/div><\/div><\/div><\/div><\/div><\/div><\/div><div id=\"pg-1228-2\"  class=\"panel-grid panel-has-style\" ><div class=\"siteorigin-panels-stretch boxed background-display-auto panel-row-style panel-row-style-for-1228-2\" ><div id=\"pgc-1228-2-0\"  class=\"panel-grid-cell\" ><div id=\"panel-1228-2-0-0\" class=\"so-panel widget widget_text panel-first-child panel-last-child\" data-index=\"4\" >\t\t\t<div class=\"textwidget\"><div class=\"woocommerce columns-4 \">    <div class=\"woocommerce woocommerce-page\">\n        <div class=\"section\">\n            <div class=\"boxed\">\n                <div class=\"layout-flex\">\n                    <div class=\"layout-25\">\n                        \n<aside id=\"secondary\" class=\"widget-area\" role=\"complementary\">\n   <\/aside><!-- #secondary -->                    <\/div>\n                    <div class=\"layout-75\">\n    <div class=\"woocommerce-no-products-found\">\n\t\n\t<div class=\"woocommerce-info\">\n\t\tNo products were found matching your selection.\t<\/div>\n<\/div>\n                    <\/div>\n                <\/div>\n            <\/div>\n        <\/div>\n    <\/div>\n    <\/div>\n<\/div>\n\t\t<\/div><\/div><\/div><\/div><\/div>","protected":false},"excerpt":{"rendered":"<p>Votre sp\u00e9cialiste Du bois en Abitibi-T\u00e9miscamingue Venue au monde en 1992, Scierie Bionor Inc. s\u2019est toujours d\u00e9marqu\u00e9e par sa sp\u00e9cialisation dans la transformation du bois, et ce, \u00e0 partir du billot brut jusqu\u2019\u00e0 la moulure de finition. Avec le temps et la demande, la fabrication d\u2019un s\u00e9choir sous-vide est devenue un incontournable compte tenu des [&hellip;]<\/p>\n","protected":false},"author":1,"featured_media":1178,"parent":0,"menu_order":2,"comment_status":"closed","ping_status":"open","template":"","meta":{"footnotes":""},"acf":[],"_links":{"self":[{"href":"https:\/\/bionor.agencedev.com\/en\/wp-json\/wp\/v2\/pages\/1228"}],"collection":[{"href":"https:\/\/bionor.agencedev.com\/en\/wp-json\/wp\/v2\/pages"}],"about":[{"href":"https:\/\/bionor.agencedev.com\/en\/wp-json\/wp\/v2\/types\/page"}],"author":[{"embeddable":true,"href":"https:\/\/bionor.agencedev.com\/en\/wp-json\/wp\/v2\/users\/1"}],"replies":[{"embeddable":true,"href":"https:\/\/bionor.agencedev.com\/en\/wp-json\/wp\/v2\/comments?post=1228"}],"version-history":[{"count":7,"href":"https:\/\/bionor.agencedev.com\/en\/wp-json\/wp\/v2\/pages\/1228\/revisions"}],"predecessor-version":[{"id":1520,"href":"https:\/\/bionor.agencedev.com\/en\/wp-json\/wp\/v2\/pages\/1228\/revisions\/1520"}],"wp:featuredmedia":[{"embeddable":true,"href":"https:\/\/bionor.agencedev.com\/en\/wp-json\/wp\/v2\/media\/1178"}],"wp:attachment":[{"href":"https:\/\/bionor.agencedev.com\/en\/wp-json\/wp\/v2\/media?parent=1228"}],"curies":[{"name":"wp","href":"https:\/\/api.w.org\/{rel}","templated":true}]}}