{"id":1272,"date":"2017-02-15T14:14:16","date_gmt":"2017-02-15T19:14:16","guid":{"rendered":"https:\/\/www.bionor.agencedev.com\/a-propos\/"},"modified":"2021-07-13T16:24:27","modified_gmt":"2021-07-13T20:24:27","slug":"about","status":"publish","type":"page","link":"https:\/\/bionor.agencedev.com\/en\/about\/","title":{"rendered":"About"},"content":{"rendered":"<div id=\"pl-1272\"  class=\"panel-layout\" ><div id=\"pg-1272-0\"  class=\"panel-grid panel-has-style\" ><div class=\"siteorigin-panels-stretch boxed background-display-auto panel-row-style panel-row-style-for-1272-0\" ><div id=\"pgc-1272-0-0\"  class=\"panel-grid-cell\" ><div id=\"panel-1272-0-0-0\" class=\"so-panel widget widget_texte_generique panel-first-child panel-last-child\" data-index=\"0\" ><div\n\t\t\t\n\t\t\tclass=\"so-widget-texte_generique so-widget-texte_generique-base\"\n\t\t\t\n\t\t><div class=\"texte-generique-wrapper\">\n    <header class=\"texte-generique-header\">\n                    <h2 class=\"texte-generique-titre\">Historique<\/h2>                \n                    <div class=\"tg-sous-titre\">Depuis 1992<\/div>\n            <\/header>\n\n            <div class=\"texte-generique-content textwidget\">\n            <p>Venue au monde en 1992, Scierie Bionor Inc. s\u2019est toujours d\u00e9marqu\u00e9e par sa sp\u00e9cialisation dans la transformation du bois, et ce, \u00e0 partir du billot brut jusqu\u2019\u00e0 la moulure de finition. Avec le temps et la demande, la fabrication d\u2019un s\u00e9choir sous-vide est devenue un incontournable compte tenu des ressources indig\u00e8nes disponibles sous-utilis\u00e9es et des frais engendr\u00e9s lors du transport de la mati\u00e8re vers l\u2019ext\u00e9rieur dans le but d\u2019en obtenir un mat\u00e9riau sec et transformable pour la revente.<\/p>\n<p>Depuis plus de deux d\u00e9cennie, Bionor se pr\u00e9sente comme \u00e9tant une entreprise r\u00e9gionale dans la transformation et le s\u00e9chage des essences locales (m\u00e9l\u00e8ze, sapin, pin gris, \u00e9pinettes, tremble, peuplier baumier, bouleau blanc, fr\u00eane noir, etc.<\/p>\n<p>En Juin 2015, une nouvelle \u00e9quipe de jeunes investisseurs d\u00e9vou\u00e9s et sp\u00e9cialis\u00e9s dans la transformation et la pr\u00e9servation du bois prennent la rel\u00e8ve de l\u2019entreprise afin de permettre au fondateur Guy Lessard, de prendre sa retraite.<\/p>\n<p>Depuis plusieurs ann\u00e9es, tant les r\u00e9gions ressources que les autorit\u00e9s gouvernementales sont conscientes qu'il est temps de cesser de produire des produits de commodit\u00e9 tels le 2 x 4 ayant un faible ratio de valeur ajout\u00e9e. Bionor constitue \u00e0 ce titre un exemple concret et viable de ce que peut \u00eatre l'industrie r\u00e9gionale du futur en ajoutant une forte valeur \u00e0 plusieurs essences sous-utilis\u00e9es en r\u00e9gion et en mettant en valeur les caract\u00e9ristiques esth\u00e9tiques des essences qu'on utilise actuellement comme ossature dans les murs. Bionor peut \u00e0 ce titre constituer une p\u00e9pini\u00e8re d'id\u00e9es susceptible d'inspirer nos architectes locaux afin de d\u00e9velopper des concepts uniques bas\u00e9s sur des produits uniques.<\/p>\n        <\/div>\n    \n    <\/div>\n<\/div><\/div><\/div><\/div><\/div><div id=\"pg-1272-1\"  class=\"panel-grid panel-has-style\" ><div class=\"siteorigin-panels-stretch full background-display-auto panel-row-style panel-row-style-for-1272-1\" ><div id=\"pgc-1272-1-0\"  class=\"panel-grid-cell\" ><div id=\"panel-1272-1-0-0\" class=\"so-panel widget widget_siteorigin-panels-builder panel-first-child panel-last-child\" data-index=\"1\" ><div id=\"pl-w60edef801484b\"  class=\"panel-layout\" ><div id=\"pg-w60edef801484b-0\"  class=\"panel-grid panel-has-style\" ><div class=\"siteorigin-panels-stretch boxed background-display-auto panel-row-style panel-row-style-for-w60edef801484b-0\" ><div id=\"pgc-w60edef801484b-0-0\"  class=\"panel-grid-cell\" ><div id=\"panel-w60edef801484b-0-0-0\" class=\"so-panel widget widget_texte_generique panel-first-child panel-last-child\" data-index=\"0\" ><div\n\t\t\t\n\t\t\tclass=\"so-widget-texte_generique so-widget-texte_generique-base\"\n\t\t\t\n\t\t><div class=\"texte-generique-wrapper\">\n    <header class=\"texte-generique-header\">\n                    <h2 class=\"texte-generique-titre\">Vision<\/h2>                \n            <\/header>\n\n            <div class=\"texte-generique-content textwidget\">\n            <p>Notre vision de l\u2019avenir est de devenir un centre int\u00e9gr\u00e9 optimis\u00e9 dans l\u2019enti\u00e8ret\u00e9 de la chaine de transformation et de finition \u00e9co-responsable du bois local d\u2019ici 2025. De plus, la Scierie Bionor inc vise \u00e0 d\u00e9velopper des produits novateurs et uniques qui suivent les grandes tendances des march\u00e9s de la d\u00e9coration et les go\u00fbts et besoins des consommateurs.<\/p>\n        <\/div>\n    \n    <\/div>\n<\/div><\/div><\/div><div id=\"pgc-w60edef801484b-0-1\"  class=\"panel-grid-cell\" ><div id=\"panel-w60edef801484b-0-1-0\" class=\"so-panel widget widget_texte_generique panel-first-child panel-last-child\" data-index=\"1\" ><div\n\t\t\t\n\t\t\tclass=\"so-widget-texte_generique so-widget-texte_generique-base\"\n\t\t\t\n\t\t><div class=\"texte-generique-wrapper\">\n    <header class=\"texte-generique-header\">\n                    <h2 class=\"texte-generique-titre\">Mission<\/h2>                \n            <\/header>\n\n            <div class=\"texte-generique-content textwidget\">\n            <p>La mission de la Scierie Bionor inc. est d\u2019offrir la possibilit\u00e9 aux consommateurs de pouvoir r\u00e9aliser un projet unique et \u00ab \u00e0 son go\u00fbt \u00bb avec les essences foresti\u00e8res locales et ce dans l\u2019ensemble de la r\u00e9gion.<\/p>\n<p>L\u2019id\u00e9e g\u00e9n\u00e9rale consiste \u00e0 pouvoir offrir un service personnalis\u00e9, des conseils d\u2019experts, et des produits \u00e0 forte valeur ajout\u00e9e pour une utilisation bien d\u00e9finie.<\/p>\n        <\/div>\n    \n    <\/div>\n<\/div><\/div><\/div><\/div><\/div><\/div><\/div><\/div><\/div><\/div><\/div>","protected":false},"excerpt":{"rendered":"<p>Historique Depuis 1992 Venue au monde en 1992, Scierie Bionor Inc. s\u2019est toujours d\u00e9marqu\u00e9e par sa sp\u00e9cialisation dans la transformation du bois, et ce, \u00e0 partir du billot brut jusqu\u2019\u00e0 la moulure de finition. Avec le temps et la demande, la fabrication d\u2019un s\u00e9choir sous-vide est devenue un incontournable compte tenu des ressources indig\u00e8nes disponibles [&hellip;]<\/p>\n","protected":false},"author":1,"featured_media":1178,"parent":0,"menu_order":10,"comment_status":"closed","ping_status":"closed","template":"","meta":{"footnotes":""},"acf":[],"_links":{"self":[{"href":"https:\/\/bionor.agencedev.com\/en\/wp-json\/wp\/v2\/pages\/1272"}],"collection":[{"href":"https:\/\/bionor.agencedev.com\/en\/wp-json\/wp\/v2\/pages"}],"about":[{"href":"https:\/\/bionor.agencedev.com\/en\/wp-json\/wp\/v2\/types\/page"}],"author":[{"embeddable":true,"href":"https:\/\/bionor.agencedev.com\/en\/wp-json\/wp\/v2\/users\/1"}],"replies":[{"embeddable":true,"href":"https:\/\/bionor.agencedev.com\/en\/wp-json\/wp\/v2\/comments?post=1272"}],"version-history":[{"count":2,"href":"https:\/\/bionor.agencedev.com\/en\/wp-json\/wp\/v2\/pages\/1272\/revisions"}],"predecessor-version":[{"id":1274,"href":"https:\/\/bionor.agencedev.com\/en\/wp-json\/wp\/v2\/pages\/1272\/revisions\/1274"}],"wp:featuredmedia":[{"embeddable":true,"href":"https:\/\/bionor.agencedev.com\/en\/wp-json\/wp\/v2\/media\/1178"}],"wp:attachment":[{"href":"https:\/\/bionor.agencedev.com\/en\/wp-json\/wp\/v2\/media?parent=1272"}],"curies":[{"name":"wp","href":"https:\/\/api.w.org\/{rel}","templated":true}]}}