{"id":1288,"date":"2021-06-30T16:04:36","date_gmt":"2021-06-30T20:04:36","guid":{"rendered":"https:\/\/www.bionor.agencedev.com\/produit\/r-epoxy\/"},"modified":"2021-12-21T16:31:53","modified_gmt":"2021-12-21T21:31:53","slug":"r-epoxy","status":"publish","type":"product","link":"https:\/\/bionor.agencedev.com\/en\/product\/r-epoxy\/","title":{"rendered":"R-EPOXY"},"content":{"rendered":"<p>R-EPOXY est une \u00e9poxy \u00e0 rapide (24heures). L\u2019application peut \u00eatre effectu\u00e9e \u00e0 l\u2019aide d\u2019une spatule dentel\u00e9e, un rouleau sans charpie ou microfibres. Toujours respecter le ration de m\u00e9lange 2A : 1B .<\/p>\n","protected":false},"excerpt":{"rendered":"<p>R-EPOXY est une \u00e9poxy \u00e0 rapide (24heures). L\u2019application peut \u00eatre effectu\u00e9e \u00e0 l\u2019aide d\u2019une spatule dentel\u00e9e, un rouleau sans charpie ou microfibres. Toujours respecter le ration de m\u00e9lange 2A : 1B .<\/p>\n","protected":false},"featured_media":0,"template":"","meta":[],"product_cat":[53],"product_tag":[],"acf":[],"_links":{"self":[{"href":"https:\/\/bionor.agencedev.com\/en\/wp-json\/wp\/v2\/product\/1288"}],"collection":[{"href":"https:\/\/bionor.agencedev.com\/en\/wp-json\/wp\/v2\/product"}],"about":[{"href":"https:\/\/bionor.agencedev.com\/en\/wp-json\/wp\/v2\/types\/product"}],"wp:attachment":[{"href":"https:\/\/bionor.agencedev.com\/en\/wp-json\/wp\/v2\/media?parent=1288"}],"wp:term":[{"taxonomy":"product_cat","embeddable":true,"href":"https:\/\/bionor.agencedev.com\/en\/wp-json\/wp\/v2\/product_cat?post=1288"},{"taxonomy":"product_tag","embeddable":true,"href":"https:\/\/bionor.agencedev.com\/en\/wp-json\/wp\/v2\/product_tag?post=1288"}],"curies":[{"name":"wp","href":"https:\/\/api.w.org\/{rel}","templated":true}]}}