{"id":1292,"date":"2021-06-30T15:55:32","date_gmt":"2021-06-30T19:55:32","guid":{"rendered":"https:\/\/www.bionor.agencedev.com\/produit\/r-cast\/"},"modified":"2021-12-21T15:55:04","modified_gmt":"2021-12-21T20:55:04","slug":"r-cast","status":"publish","type":"product","link":"https:\/\/bionor.agencedev.com\/en\/product\/r-cast\/","title":{"rendered":"R-CAST"},"content":{"rendered":"<p>R\u00e9sine d\u2019\u00e9poxy claire sp\u00e9cialement con\u00e7u pour couler en \u00e9paisseur (projets rivi\u00e8re, moulage, tournage et bien plus.<br \/>\nFiche technique : https:\/\/ryverepoxy.com\/wp-content\/uploads\/2019\/04\/Fiche-Technique-R-Cast-Fran%C3%A7ais.pdf<\/p>\n","protected":false},"excerpt":{"rendered":"<p>R\u00e9sine d\u2019\u00e9poxy claire sp\u00e9cialement con\u00e7u pour couler en \u00e9paisseur (projets rivi\u00e8re, moulage, tournage et bien plus. Fiche technique : https:\/\/ryverepoxy.com\/wp-content\/uploads\/2019\/04\/Fiche-Technique-R-Cast-Fran%C3%A7ais.pdf<\/p>\n","protected":false},"featured_media":0,"template":"","meta":[],"product_cat":[53],"product_tag":[],"acf":[],"_links":{"self":[{"href":"https:\/\/bionor.agencedev.com\/en\/wp-json\/wp\/v2\/product\/1292"}],"collection":[{"href":"https:\/\/bionor.agencedev.com\/en\/wp-json\/wp\/v2\/product"}],"about":[{"href":"https:\/\/bionor.agencedev.com\/en\/wp-json\/wp\/v2\/types\/product"}],"wp:attachment":[{"href":"https:\/\/bionor.agencedev.com\/en\/wp-json\/wp\/v2\/media?parent=1292"}],"wp:term":[{"taxonomy":"product_cat","embeddable":true,"href":"https:\/\/bionor.agencedev.com\/en\/wp-json\/wp\/v2\/product_cat?post=1292"},{"taxonomy":"product_tag","embeddable":true,"href":"https:\/\/bionor.agencedev.com\/en\/wp-json\/wp\/v2\/product_tag?post=1292"}],"curies":[{"name":"wp","href":"https:\/\/api.w.org\/{rel}","templated":true}]}}