{"id":1339,"date":"2021-11-01T10:09:09","date_gmt":"2021-11-01T14:09:13","guid":{"rendered":"https:\/\/www.bionor.agencedev.com\/?post_type=product&#038;p=1339"},"modified":"2021-12-21T16:20:25","modified_gmt":"2021-12-21T21:20:25","slug":"test","status":"publish","type":"product","link":"https:\/\/bionor.agencedev.com\/en\/product\/test\/","title":{"rendered":"Test"},"content":{"rendered":"<p>[EN] R-EPOXY est une \u00e9poxy \u00e0 rapide (24heures). L\u2019application peut \u00eatre effectu\u00e9e \u00e0 l\u2019aide d\u2019une spatule dentel\u00e9e, un rouleau sans charpie ou microfibres. Toujours respecter le ration de m\u00e9lange 2A : 1B .<\/p>\n","protected":false},"excerpt":{"rendered":"<p>[EN] R-EPOXY est une \u00e9poxy \u00e0 rapide (24heures). L\u2019application peut \u00eatre effectu\u00e9e \u00e0 l\u2019aide d\u2019une spatule dentel\u00e9e, un rouleau sans charpie ou microfibres. Toujours respecter le ration de m\u00e9lange 2A : 1B .<\/p>\n","protected":false},"featured_media":0,"template":"","meta":[],"product_cat":[56],"product_tag":[],"acf":[],"_links":{"self":[{"href":"https:\/\/bionor.agencedev.com\/en\/wp-json\/wp\/v2\/product\/1339"}],"collection":[{"href":"https:\/\/bionor.agencedev.com\/en\/wp-json\/wp\/v2\/product"}],"about":[{"href":"https:\/\/bionor.agencedev.com\/en\/wp-json\/wp\/v2\/types\/product"}],"wp:attachment":[{"href":"https:\/\/bionor.agencedev.com\/en\/wp-json\/wp\/v2\/media?parent=1339"}],"wp:term":[{"taxonomy":"product_cat","embeddable":true,"href":"https:\/\/bionor.agencedev.com\/en\/wp-json\/wp\/v2\/product_cat?post=1339"},{"taxonomy":"product_tag","embeddable":true,"href":"https:\/\/bionor.agencedev.com\/en\/wp-json\/wp\/v2\/product_tag?post=1339"}],"curies":[{"name":"wp","href":"https:\/\/api.w.org\/{rel}","templated":true}]}}