{"id":1525,"date":"2022-05-09T10:40:11","date_gmt":"2022-05-09T14:40:11","guid":{"rendered":"https:\/\/www.bionor.agencedev.com\/?post_type=product&#038;p=1525"},"modified":"2022-05-09T11:02:14","modified_gmt":"2022-05-09T15:02:14","slug":"glow-blue-glow-in-the-dark","status":"publish","type":"product","link":"https:\/\/bionor.agencedev.com\/en\/produit\/glow-blue-glow-in-the-dark\/","title":{"rendered":"Glow Blue (Glow in the Dark)"},"content":{"rendered":"<div class=\"woocommerce-product-details__short-description\">\n<h3>Poudre m\u00e9tallique\u00a0 \u00a0\u00bbGlow in the dark\u00a0\u00bbAurora format 2oz<\/h3>\n<ul>\n<li>Contient 2oz de pigments fluorescent (mica) de premi\u00e8re qualit\u00e9.<\/li>\n<li>Disponible dans des contenants refermables.<\/li>\n<li>Format qualit\u00e9\/prix avantageux.<\/li>\n<li>Vendu au poids.<\/li>\n<\/ul>\n<p><strong>Table rivi\u00e8re<\/strong>:\u00a0 Ajouter graduellement afin d\u2019obtenir l\u2019effet d\u00e9sir\u00e9. L\u2019utilisation d\u2019un m\u00e9langeur est fortement conseill\u00e9. Doit \u00eatre ajout\u00e9 aux pigments m\u00e9talliques de couleur. Ne jamais d\u00e9passer 1 pot complet par 1 gallon d\u2019\u00e9poxy (partie A).<\/p>\n<p>-Photo \u00e0 titre indicatif. Le r\u00e9sultat final peut varier en fonction de l\u2019\u00e9paisseur et la quantit\u00e9 de pigments utilis\u00e9<\/p>\n<p><strong>Toujours faire un test pour valider la coloration.<\/strong><\/p>\n<p>&nbsp;<\/p>\n<\/div>\n","protected":false},"excerpt":{"rendered":"<p>Couleur pigment \u00c9dition Sp\u00e9ciale Glow in the Dark Aurora 60g (2oz)<\/p>\n","protected":false},"featured_media":1532,"template":"","meta":[],"product_cat":[104],"product_tag":[],"acf":[],"_links":{"self":[{"href":"https:\/\/bionor.agencedev.com\/en\/wp-json\/wp\/v2\/product\/1525"}],"collection":[{"href":"https:\/\/bionor.agencedev.com\/en\/wp-json\/wp\/v2\/product"}],"about":[{"href":"https:\/\/bionor.agencedev.com\/en\/wp-json\/wp\/v2\/types\/product"}],"wp:featuredmedia":[{"embeddable":true,"href":"https:\/\/bionor.agencedev.com\/en\/wp-json\/wp\/v2\/media\/1532"}],"wp:attachment":[{"href":"https:\/\/bionor.agencedev.com\/en\/wp-json\/wp\/v2\/media?parent=1525"}],"wp:term":[{"taxonomy":"product_cat","embeddable":true,"href":"https:\/\/bionor.agencedev.com\/en\/wp-json\/wp\/v2\/product_cat?post=1525"},{"taxonomy":"product_tag","embeddable":true,"href":"https:\/\/bionor.agencedev.com\/en\/wp-json\/wp\/v2\/product_tag?post=1525"}],"curies":[{"name":"wp","href":"https:\/\/api.w.org\/{rel}","templated":true}]}}