{"id":1534,"date":"2022-05-09T10:49:24","date_gmt":"2022-05-09T14:49:24","guid":{"rendered":"https:\/\/www.bionor.agencedev.com\/?post_type=product&#038;p=1534"},"modified":"2022-05-09T11:01:08","modified_gmt":"2022-05-09T15:01:08","slug":"mix-alpha-15-couleurs","status":"publish","type":"product","link":"https:\/\/bionor.agencedev.com\/en\/produit\/mix-alpha-15-couleurs\/","title":{"rendered":"Mix Alpha 15 Couleurs"},"content":{"rendered":"<div class=\"woocommerce-product-details__short-description\">\n<h3>Poudre m\u00e9tallique Aurora, paquet de 15 couleurs<\/h3>\n<ul>\n<li>Contient 15 sachets de pigments m\u00e9talliques (mica) de premi\u00e8re qualit\u00e9.<\/li>\n<li>Disponible dans des sacs refermables.<\/li>\n<li>Format qualit\u00e9\/prix avantageux.<\/li>\n<li>Sachets de 5G contenant les couleurs suivantes:\u00a0 Aruba blue, Blue Sky, Copper mine, Coral Teal, Deep sea, Ghost white, Gold Rush, Green envy, Silver Bullet, Sky blue, Sterling Grey, Turtle Purple, Red Army, Wet Asphalt, Yellow mellow<\/li>\n<\/ul>\n<p><strong>Table rivi\u00e8re<\/strong>:\u00a0 Ajouter graduellement afin d\u2019obtenir l\u2019effet d\u00e9sir\u00e9. L\u2019utilisation d\u2019un m\u00e9langeur est fortement conseill\u00e9.<\/p>\n<p>Le r\u00e9sultat final peut varier en fonction de l\u2019\u00e9paisseur et la quantit\u00e9 de pigments utilis\u00e9<\/p>\n<p><strong>Toujours faire un test pour valider la coloration.<\/strong><\/p>\n<\/div>\n","protected":false},"excerpt":{"rendered":"<p>Couleur pigment \u00c9dition Sp\u00e9ciale Mix Alpha 15 couleurs Aurora sachets de 5g<\/p>\n","protected":false},"featured_media":1537,"template":"","meta":[],"product_cat":[104],"product_tag":[],"acf":[],"_links":{"self":[{"href":"https:\/\/bionor.agencedev.com\/en\/wp-json\/wp\/v2\/product\/1534"}],"collection":[{"href":"https:\/\/bionor.agencedev.com\/en\/wp-json\/wp\/v2\/product"}],"about":[{"href":"https:\/\/bionor.agencedev.com\/en\/wp-json\/wp\/v2\/types\/product"}],"wp:featuredmedia":[{"embeddable":true,"href":"https:\/\/bionor.agencedev.com\/en\/wp-json\/wp\/v2\/media\/1537"}],"wp:attachment":[{"href":"https:\/\/bionor.agencedev.com\/en\/wp-json\/wp\/v2\/media?parent=1534"}],"wp:term":[{"taxonomy":"product_cat","embeddable":true,"href":"https:\/\/bionor.agencedev.com\/en\/wp-json\/wp\/v2\/product_cat?post=1534"},{"taxonomy":"product_tag","embeddable":true,"href":"https:\/\/bionor.agencedev.com\/en\/wp-json\/wp\/v2\/product_tag?post=1534"}],"curies":[{"name":"wp","href":"https:\/\/api.w.org\/{rel}","templated":true}]}}