{"id":1540,"date":"2022-05-09T10:59:49","date_gmt":"2022-05-09T14:59:49","guid":{"rendered":"https:\/\/www.bionor.agencedev.com\/?post_type=product&#038;p=1540"},"modified":"2022-08-26T09:17:39","modified_gmt":"2022-08-26T13:17:39","slug":"mix-bravo-18-couleurs","status":"publish","type":"product","link":"https:\/\/bionor.agencedev.com\/en\/produit\/mix-bravo-18-couleurs\/","title":{"rendered":"Mix Bravo 18 couleurs"},"content":{"rendered":"<div class=\"woocommerce-product-details__short-description\">\n<h3>Poudre m\u00e9tallique Aurora, paquet de 18 couleurs<\/h3>\n<ul>\n<li>Contient 18 sachets de pigments m\u00e9talliques (mica) de premi\u00e8re qualit\u00e9.<\/li>\n<li>Disponible dans des sacs refermables.<\/li>\n<li>Format qualit\u00e9\/prix avantageux.<\/li>\n<li>Sachets de 5G contenant les couleurs suivantes:\u00a0 Black ice, Blue blood, Cappuccino, Crimson pink, Dirty grey, English sky, Glow blue, Green Apple, Marine Blue, Ocean pearl, Orange clementine, Peackock teal, Pink pearl, Royal blue, Rusty Expresso, Snow white, Spring green, Underworld teal.<\/li>\n<\/ul>\n<p><strong>Table rivi\u00e8re<\/strong>:\u00a0 Ajouter graduellement afin d\u2019obtenir l\u2019effet d\u00e9sir\u00e9. L\u2019utilisation d\u2019un\u00a0<a href=\"https:\/\/ryverepoxy.com\/pour-le-bois\/melangeur-pour-epoxy\/\">m\u00e9langeur<\/a> est fortement conseill\u00e9.<\/p>\n<p>Le r\u00e9sultat final peut varier en fonction de l\u2019\u00e9paisseur et la quantit\u00e9 de pigments utilis\u00e9<\/p>\n<p><strong>Toujours faire un test pour valider la coloration.<\/strong><\/p>\n<\/div>\n<div id=\"tab-reviews\" class=\"woocommerce-Tabs-panel woocommerce-Tabs-panel--reviews panel entry-content wc-tab\" role=\"tabpanel\" aria-labelledby=\"tab-title-reviews\">\n<div id=\"reviews\" class=\"woocommerce-Reviews\">\n<div class=\"clear\"><\/div>\n<\/div>\n<\/div>\n","protected":false},"excerpt":{"rendered":"<p>Couleur pigment \u00c9dition Sp\u00e9ciale Mix Bravo 18 couleurs Aurora sachets de 5g<\/p>\n","protected":false},"featured_media":1541,"template":"","meta":[],"product_cat":[104],"product_tag":[],"acf":[],"_links":{"self":[{"href":"https:\/\/bionor.agencedev.com\/en\/wp-json\/wp\/v2\/product\/1540"}],"collection":[{"href":"https:\/\/bionor.agencedev.com\/en\/wp-json\/wp\/v2\/product"}],"about":[{"href":"https:\/\/bionor.agencedev.com\/en\/wp-json\/wp\/v2\/types\/product"}],"wp:featuredmedia":[{"embeddable":true,"href":"https:\/\/bionor.agencedev.com\/en\/wp-json\/wp\/v2\/media\/1541"}],"wp:attachment":[{"href":"https:\/\/bionor.agencedev.com\/en\/wp-json\/wp\/v2\/media?parent=1540"}],"wp:term":[{"taxonomy":"product_cat","embeddable":true,"href":"https:\/\/bionor.agencedev.com\/en\/wp-json\/wp\/v2\/product_cat?post=1540"},{"taxonomy":"product_tag","embeddable":true,"href":"https:\/\/bionor.agencedev.com\/en\/wp-json\/wp\/v2\/product_tag?post=1540"}],"curies":[{"name":"wp","href":"https:\/\/api.w.org\/{rel}","templated":true}]}}