{"id":1543,"date":"2022-05-09T11:10:00","date_gmt":"2022-05-09T15:10:00","guid":{"rendered":"https:\/\/www.bionor.agencedev.com\/?post_type=product&#038;p=1543"},"modified":"2022-05-09T11:10:02","modified_gmt":"2022-05-09T15:10:02","slug":"red-alert","status":"publish","type":"product","link":"https:\/\/bionor.agencedev.com\/en\/produit\/red-alert\/","title":{"rendered":"Red Alert"},"content":{"rendered":"<div class=\"woocommerce-product-details__short-description\">\n<h3>Poudre m\u00e9tallique Aurora format 2oz (60G)<\/h3>\n<ul>\n<li>Chaque pot contient 2oz de pigments m\u00e9talliques (mica) de premi\u00e8re qualit\u00e9.<\/li>\n<li>Disponible dans des contenants refermables.<\/li>\n<li>Format qualit\u00e9\/prix avantageux.<\/li>\n<li>Vendu au poids.<\/li>\n<\/ul>\n<p><strong>Table rivi\u00e8re<\/strong>:\u00a0 Ajouter graduellement afin d\u2019obtenir l\u2019effet d\u00e9sir\u00e9. L\u2019utilisation d\u2019un <a href=\"https:\/\/ryverepoxy.com\/pour-le-bois\/melangeur-pour-epoxy\/\">m\u00e9langeur<\/a> est fortement conseill\u00e9. Les effets de \u00ab vague \u00bb se formeront automatiquement avec la r\u00e9action chimique de l\u2019\u00e9poxy.<\/p>\n<p>-Photo \u00e0 titre indicatif. Le r\u00e9sultat final peut varier en fonction de l\u2019\u00e9paisseur et la quantit\u00e9 de pigments utilis\u00e9<\/p>\n<p><strong>Toujours faire un test pour valider la coloration.<\/strong><\/p>\n<\/div>\n","protected":false},"excerpt":{"rendered":"<p>Couleur pigment \u00c9dition Sp\u00e9ciale Red Alert Aurora 60g (2oz)<\/p>\n","protected":false},"featured_media":1544,"template":"","meta":[],"product_cat":[104],"product_tag":[],"acf":[],"_links":{"self":[{"href":"https:\/\/bionor.agencedev.com\/en\/wp-json\/wp\/v2\/product\/1543"}],"collection":[{"href":"https:\/\/bionor.agencedev.com\/en\/wp-json\/wp\/v2\/product"}],"about":[{"href":"https:\/\/bionor.agencedev.com\/en\/wp-json\/wp\/v2\/types\/product"}],"wp:featuredmedia":[{"embeddable":true,"href":"https:\/\/bionor.agencedev.com\/en\/wp-json\/wp\/v2\/media\/1544"}],"wp:attachment":[{"href":"https:\/\/bionor.agencedev.com\/en\/wp-json\/wp\/v2\/media?parent=1543"}],"wp:term":[{"taxonomy":"product_cat","embeddable":true,"href":"https:\/\/bionor.agencedev.com\/en\/wp-json\/wp\/v2\/product_cat?post=1543"},{"taxonomy":"product_tag","embeddable":true,"href":"https:\/\/bionor.agencedev.com\/en\/wp-json\/wp\/v2\/product_tag?post=1543"}],"curies":[{"name":"wp","href":"https:\/\/api.w.org\/{rel}","templated":true}]}}