{"id":1546,"date":"2022-05-09T12:40:48","date_gmt":"2022-05-09T16:40:48","guid":{"rendered":"https:\/\/www.bionor.agencedev.com\/?post_type=product&#038;p=1546"},"modified":"2022-05-09T12:40:51","modified_gmt":"2022-05-09T16:40:51","slug":"bases","status":"publish","type":"product","link":"https:\/\/bionor.agencedev.com\/en\/produit\/bases\/","title":{"rendered":"Couleurs de base 500ml"},"content":{"rendered":"<div class=\"woocommerce-product-details__short-description\">\n<h3>Pigment de base liquide, format 500ml<\/h3>\n<ul>\n<li>Chaque pot contient 500ml de pigmentation en p\u00e2te liquide de premi\u00e8re qualit\u00e9.<\/li>\n<li>Disponible dans des contenants refermables.<\/li>\n<li>Pigments concentr\u00e9s, format quantit\u00e9\/prix avantageux.<\/li>\n<li>Compatible avec les pigments m\u00e9talliques Aurora<\/li>\n<\/ul>\n<p>&nbsp;<\/p>\n<p><strong>Projet table rivi\u00e8re<\/strong>:\u00a0 Afin d\u2019obtenir un effet de transparence (pour utilisation avec le R-Cast 2.0), ajouter graduellement lors du m\u00e9lange. L\u2019utilisation d\u2019un m\u00e9langeur est fortement conseill\u00e9. Faire un test pour obtenir la coloration d\u00e9sir\u00e9e en tenant compte de l\u2019\u00e9paisseur finale.<\/p>\n<\/div>\n<div class=\"woocommerce-product-details__short-description\">\n<p>&nbsp;<\/p>\n<p>-Photo \u00e0 titre indicatif. Le r\u00e9sultat final peut varier en fonction de l\u2019\u00e9paisseur et la quantit\u00e9 de pigments utilis\u00e9.<\/p>\n<\/div>\n","protected":false},"excerpt":{"rendered":"<p>Pigment de base en p\u00e2te liquide permettant d&#8217;obtenir un r\u00e9sultat opaque ou avec profondeur en fonction du dosage utilis\u00e9.<\/p>\n","protected":false},"featured_media":0,"template":"","meta":[],"product_cat":[104],"product_tag":[],"acf":[],"_links":{"self":[{"href":"https:\/\/bionor.agencedev.com\/en\/wp-json\/wp\/v2\/product\/1546"}],"collection":[{"href":"https:\/\/bionor.agencedev.com\/en\/wp-json\/wp\/v2\/product"}],"about":[{"href":"https:\/\/bionor.agencedev.com\/en\/wp-json\/wp\/v2\/types\/product"}],"wp:attachment":[{"href":"https:\/\/bionor.agencedev.com\/en\/wp-json\/wp\/v2\/media?parent=1546"}],"wp:term":[{"taxonomy":"product_cat","embeddable":true,"href":"https:\/\/bionor.agencedev.com\/en\/wp-json\/wp\/v2\/product_cat?post=1546"},{"taxonomy":"product_tag","embeddable":true,"href":"https:\/\/bionor.agencedev.com\/en\/wp-json\/wp\/v2\/product_tag?post=1546"}],"curies":[{"name":"wp","href":"https:\/\/api.w.org\/{rel}","templated":true}]}}